{"id":12,"date":"2021-01-12T20:51:14","date_gmt":"2021-01-12T19:51:14","guid":{"rendered":"http:\/\/mccm12.fr\/?page_id=12"},"modified":"2021-01-19T18:27:31","modified_gmt":"2021-01-19T17:27:31","slug":"accueil","status":"publish","type":"page","link":"https:\/\/mccm12.fr\/","title":{"rendered":"Accueil"},"content":{"rendered":"\t\t<div data-elementor-type=\"wp-page\" data-elementor-id=\"12\" class=\"elementor elementor-12\" data-elementor-settings=\"[]\">\n\t\t\t\t\t\t<div class=\"elementor-inner\">\n\t\t\t\t\t\t\t<div class=\"elementor-section-wrap\">\n\t\t\t\t\t\t\t<section class=\"elementor-section elementor-top-section elementor-element elementor-element-28aa2383 elementor-section-height-min-height elementor-section-content-middle elementor-section-boxed elementor-section-height-default elementor-section-items-middle\" data-id=\"28aa2383\" data-element_type=\"section\" data-settings=\"{&quot;background_background&quot;:&quot;classic&quot;}\">\n\t\t\t\t\t\t\t<div class=\"elementor-background-overlay\"><\/div>\n\t\t\t\t\t\t\t<div class=\"elementor-container elementor-column-gap-default\">\n\t\t\t\t\t\t\t<div class=\"elementor-row\">\n\t\t\t\t\t<div class=\"elementor-column elementor-col-100 elementor-top-column elementor-element elementor-element-c45bd02\" data-id=\"c45bd02\" data-element_type=\"column\">\n\t\t\t<div class=\"elementor-column-wrap elementor-element-populated\">\n\t\t\t\t\t\t\t<div class=\"elementor-widget-wrap\">\n\t\t\t\t\t\t<div class=\"elementor-element elementor-element-ed45268 elementor-widget elementor-widget-heading\" data-id=\"ed45268\" data-element_type=\"widget\" data-widget_type=\"heading.default\">\n\t\t\t\t<div class=\"elementor-widget-container\">\n\t\t\t<h2 class=\"elementor-heading-title elementor-size-large\">Bienvenue sur le site de l'Association La HOULETTE<\/h2>\t\t<\/div>\n\t\t\t\t<\/div>\n\t\t\t\t<div class=\"elementor-element elementor-element-5241e91 elementor-align-center elementor-widget elementor-widget-button\" data-id=\"5241e91\" data-element_type=\"widget\" data-widget_type=\"button.default\">\n\t\t\t\t<div class=\"elementor-widget-container\">\n\t\t\t\t\t<div class=\"elementor-button-wrapper\">\n\t\t\t<a href=\"http:\/\/mccm12.fr\/?page_id=6\" class=\"elementor-button-link elementor-button elementor-size-sm\" role=\"button\">\n\t\t\t\t\t\t<span class=\"elementor-button-content-wrapper\">\n\t\t\t\t\t\t<span class=\"elementor-button-text\">en savoir +<\/span>\n\t\t<\/span>\n\t\t\t\t\t<\/a>\n\t\t<\/div>\n\t\t\t\t<\/div>\n\t\t\t\t<\/div>\n\t\t\t\t\t\t<\/div>\n\t\t\t\t\t<\/div>\n\t\t<\/div>\n\t\t\t\t\t\t\t\t<\/div>\n\t\t\t\t\t<\/div>\n\t\t<\/section>\n\t\t\t\t<section class=\"elementor-section elementor-top-section elementor-element elementor-element-3f7506e2 elementor-section-content-middle elementor-section-boxed elementor-section-height-default elementor-section-height-default\" data-id=\"3f7506e2\" data-element_type=\"section\">\n\t\t\t\t\t\t<div class=\"elementor-container elementor-column-gap-default\">\n\t\t\t\t\t\t\t<div class=\"elementor-row\">\n\t\t\t\t\t<div class=\"elementor-column elementor-col-50 elementor-top-column elementor-element elementor-element-6d1d3419\" data-id=\"6d1d3419\" data-element_type=\"column\">\n\t\t\t<div class=\"elementor-column-wrap elementor-element-populated\">\n\t\t\t\t\t\t\t<div class=\"elementor-widget-wrap\">\n\t\t\t\t\t\t<div class=\"elementor-element elementor-element-4f6827e8 elementor-widget elementor-widget-heading\" data-id=\"4f6827e8\" data-element_type=\"widget\" data-widget_type=\"heading.default\">\n\t\t\t\t<div class=\"elementor-widget-container\">\n\t\t\t<h2 class=\"elementor-heading-title elementor-size-large\">Nos Th\u00e8mes d'images<\/h2>\t\t<\/div>\n\t\t\t\t<\/div>\n\t\t\t\t<div class=\"elementor-element elementor-element-175d4775 elementor-widget-divider--view-line elementor-widget elementor-widget-divider\" data-id=\"175d4775\" data-element_type=\"widget\" data-widget_type=\"divider.default\">\n\t\t\t\t<div class=\"elementor-widget-container\">\n\t\t\t\t\t<div class=\"elementor-divider\">\n\t\t\t<span class=\"elementor-divider-separator\">\n\t\t\t\t\t\t<\/span>\n\t\t<\/div>\n\t\t\t\t<\/div>\n\t\t\t\t<\/div>\n\t\t\t\t<div class=\"elementor-element elementor-element-19f6c720 elementor-widget elementor-widget-text-editor\" data-id=\"19f6c720\" data-element_type=\"widget\" data-widget_type=\"text-editor.default\">\n\t\t\t\t<div class=\"elementor-widget-container\">\n\t\t\t\t\t<div class=\"elementor-text-editor elementor-clearfix\"><p><em>Nos r\u00e9alisations&#8230;.<\/em><\/p><\/div>\n\t\t\t\t<\/div>\n\t\t\t\t<\/div>\n\t\t\t\t\t\t<\/div>\n\t\t\t\t\t<\/div>\n\t\t<\/div>\n\t\t\t\t<div class=\"elementor-column elementor-col-50 elementor-top-column elementor-element elementor-element-43cfdc79 elementor-sm-100\" data-id=\"43cfdc79\" data-element_type=\"column\">\n\t\t\t<div class=\"elementor-column-wrap elementor-element-populated\">\n\t\t\t\t\t\t\t<div class=\"elementor-widget-wrap\">\n\t\t\t\t\t\t<div class=\"elementor-element elementor-element-1bc7dcdc gallery-spacing-custom elementor-widget elementor-widget-image-gallery\" data-id=\"1bc7dcdc\" data-element_type=\"widget\" data-widget_type=\"image-gallery.default\">\n\t\t\t\t<div class=\"elementor-widget-container\">\n\t\t\t\t\t<div class=\"elementor-image-gallery\">\n\t\t\t<div id='gallery-1' class='gallery galleryid-12 gallery-columns-3 gallery-size-full'><figure class='gallery-item'>\n\t\t\t<div class='gallery-icon landscape'>\n\t\t\t\t<a data-elementor-open-lightbox=\"yes\" data-elementor-lightbox-slideshow=\"1bc7dcdc\" data-elementor-lightbox-title=\"foodiesfeed.com_homemade-waffles-with-coffee.jpg\" href='https:\/\/mccm12.fr\/wp-content\/uploads\/2021\/01\/foodiesfeed.com_homemade-waffles-with-coffee.jpg'><img width=\"1053\" height=\"1053\" src=\"https:\/\/mccm12.fr\/wp-content\/uploads\/2021\/01\/foodiesfeed.com_homemade-waffles-with-coffee.jpg\" class=\"attachment-full size-full\" alt=\"\" loading=\"lazy\" aria-describedby=\"gallery-1-21\" srcset=\"https:\/\/mccm12.fr\/wp-content\/uploads\/2021\/01\/foodiesfeed.com_homemade-waffles-with-coffee.jpg 1053w, https:\/\/mccm12.fr\/wp-content\/uploads\/2021\/01\/foodiesfeed.com_homemade-waffles-with-coffee-300x300.jpg 300w, https:\/\/mccm12.fr\/wp-content\/uploads\/2021\/01\/foodiesfeed.com_homemade-waffles-with-coffee-1024x1024.jpg 1024w, https:\/\/mccm12.fr\/wp-content\/uploads\/2021\/01\/foodiesfeed.com_homemade-waffles-with-coffee-150x150.jpg 150w, https:\/\/mccm12.fr\/wp-content\/uploads\/2021\/01\/foodiesfeed.com_homemade-waffles-with-coffee-768x768.jpg 768w\" sizes=\"(max-width: 1053px) 100vw, 1053px\" \/><\/a>\n\t\t\t<\/div>\n\t\t\t\t<figcaption class='wp-caption-text gallery-caption' id='gallery-1-21'>\n\t\t\t\tGastronomie\n\t\t\t\t<\/figcaption><\/figure><figure class='gallery-item'>\n\t\t\t<div class='gallery-icon landscape'>\n\t\t\t\t<a data-elementor-open-lightbox=\"yes\" data-elementor-lightbox-slideshow=\"1bc7dcdc\" data-elementor-lightbox-title=\"IMG_2344\" href='https:\/\/mccm12.fr\/wp-content\/uploads\/2021\/01\/IMG_2344-scaled.jpg'><img width=\"2560\" height=\"1920\" src=\"https:\/\/mccm12.fr\/wp-content\/uploads\/2021\/01\/IMG_2344-scaled.jpg\" class=\"attachment-full size-full\" alt=\"\" loading=\"lazy\" aria-describedby=\"gallery-1-29\" srcset=\"https:\/\/mccm12.fr\/wp-content\/uploads\/2021\/01\/IMG_2344-scaled.jpg 2560w, https:\/\/mccm12.fr\/wp-content\/uploads\/2021\/01\/IMG_2344-300x225.jpg 300w, https:\/\/mccm12.fr\/wp-content\/uploads\/2021\/01\/IMG_2344-1024x768.jpg 1024w, https:\/\/mccm12.fr\/wp-content\/uploads\/2021\/01\/IMG_2344-768x576.jpg 768w, https:\/\/mccm12.fr\/wp-content\/uploads\/2021\/01\/IMG_2344-1536x1152.jpg 1536w, https:\/\/mccm12.fr\/wp-content\/uploads\/2021\/01\/IMG_2344-2048x1536.jpg 2048w\" sizes=\"(max-width: 2560px) 100vw, 2560px\" \/><\/a>\n\t\t\t<\/div>\n\t\t\t\t<figcaption class='wp-caption-text gallery-caption' id='gallery-1-29'>\n\t\t\t\tPaysages sublimes\n\t\t\t\t<\/figcaption><\/figure><figure class='gallery-item'>\n\t\t\t<div class='gallery-icon portrait'>\n\t\t\t\t<a data-elementor-open-lightbox=\"yes\" data-elementor-lightbox-slideshow=\"1bc7dcdc\" data-elementor-lightbox-title=\"IMG_2580\" href='https:\/\/mccm12.fr\/wp-content\/uploads\/2021\/01\/IMG_2580-scaled.jpg'><img width=\"1920\" height=\"2560\" src=\"https:\/\/mccm12.fr\/wp-content\/uploads\/2021\/01\/IMG_2580-scaled.jpg\" class=\"attachment-full size-full\" alt=\"\" loading=\"lazy\" aria-describedby=\"gallery-1-31\" srcset=\"https:\/\/mccm12.fr\/wp-content\/uploads\/2021\/01\/IMG_2580-scaled.jpg 1920w, https:\/\/mccm12.fr\/wp-content\/uploads\/2021\/01\/IMG_2580-225x300.jpg 225w, https:\/\/mccm12.fr\/wp-content\/uploads\/2021\/01\/IMG_2580-768x1024.jpg 768w, https:\/\/mccm12.fr\/wp-content\/uploads\/2021\/01\/IMG_2580-1152x1536.jpg 1152w, https:\/\/mccm12.fr\/wp-content\/uploads\/2021\/01\/IMG_2580-1536x2048.jpg 1536w\" sizes=\"(max-width: 1920px) 100vw, 1920px\" \/><\/a>\n\t\t\t<\/div>\n\t\t\t\t<figcaption class='wp-caption-text gallery-caption' id='gallery-1-31'>\n\t\t\t\tMaisons \n\t\t\t\t<\/figcaption><\/figure><figure class='gallery-item'>\n\t\t\t<div class='gallery-icon landscape'>\n\t\t\t\t<a data-elementor-open-lightbox=\"yes\" data-elementor-lightbox-slideshow=\"1bc7dcdc\" data-elementor-lightbox-title=\"IMG_3033\" href='https:\/\/mccm12.fr\/wp-content\/uploads\/2021\/01\/IMG_3033-scaled.jpg'><img width=\"2560\" height=\"1920\" src=\"https:\/\/mccm12.fr\/wp-content\/uploads\/2021\/01\/IMG_3033-scaled.jpg\" class=\"attachment-full size-full\" alt=\"\" loading=\"lazy\" aria-describedby=\"gallery-1-32\" srcset=\"https:\/\/mccm12.fr\/wp-content\/uploads\/2021\/01\/IMG_3033-scaled.jpg 2560w, https:\/\/mccm12.fr\/wp-content\/uploads\/2021\/01\/IMG_3033-300x225.jpg 300w, https:\/\/mccm12.fr\/wp-content\/uploads\/2021\/01\/IMG_3033-1024x768.jpg 1024w, https:\/\/mccm12.fr\/wp-content\/uploads\/2021\/01\/IMG_3033-768x576.jpg 768w, https:\/\/mccm12.fr\/wp-content\/uploads\/2021\/01\/IMG_3033-1536x1152.jpg 1536w, https:\/\/mccm12.fr\/wp-content\/uploads\/2021\/01\/IMG_3033-2048x1536.jpg 2048w\" sizes=\"(max-width: 2560px) 100vw, 2560px\" \/><\/a>\n\t\t\t<\/div>\n\t\t\t\t<figcaption class='wp-caption-text gallery-caption' id='gallery-1-32'>\n\t\t\t\tTerroir authenticit\u00e9\n\t\t\t\t<\/figcaption><\/figure><figure class='gallery-item'>\n\t\t\t<div class='gallery-icon portrait'>\n\t\t\t\t<a data-elementor-open-lightbox=\"yes\" data-elementor-lightbox-slideshow=\"1bc7dcdc\" data-elementor-lightbox-title=\"DSCN4094\" href='https:\/\/mccm12.fr\/wp-content\/uploads\/2021\/01\/DSCN4094-scaled.jpg'><img width=\"1920\" height=\"2560\" src=\"https:\/\/mccm12.fr\/wp-content\/uploads\/2021\/01\/DSCN4094-scaled.jpg\" class=\"attachment-full size-full\" alt=\"\" loading=\"lazy\" aria-describedby=\"gallery-1-33\" srcset=\"https:\/\/mccm12.fr\/wp-content\/uploads\/2021\/01\/DSCN4094-scaled.jpg 1920w, https:\/\/mccm12.fr\/wp-content\/uploads\/2021\/01\/DSCN4094-225x300.jpg 225w, https:\/\/mccm12.fr\/wp-content\/uploads\/2021\/01\/DSCN4094-768x1024.jpg 768w, https:\/\/mccm12.fr\/wp-content\/uploads\/2021\/01\/DSCN4094-1152x1536.jpg 1152w, https:\/\/mccm12.fr\/wp-content\/uploads\/2021\/01\/DSCN4094-1536x2048.jpg 1536w\" sizes=\"(max-width: 1920px) 100vw, 1920px\" \/><\/a>\n\t\t\t<\/div>\n\t\t\t\t<figcaption class='wp-caption-text gallery-caption' id='gallery-1-33'>\n\t\t\t\tMacrophoto\n\t\t\t\t<\/figcaption><\/figure><figure class='gallery-item'>\n\t\t\t<div class='gallery-icon landscape'>\n\t\t\t\t<a data-elementor-open-lightbox=\"yes\" data-elementor-lightbox-slideshow=\"1bc7dcdc\" data-elementor-lightbox-title=\"DSCN4085\" href='https:\/\/mccm12.fr\/wp-content\/uploads\/2021\/01\/DSCN4085-scaled.jpg'><img width=\"2560\" height=\"1920\" src=\"https:\/\/mccm12.fr\/wp-content\/uploads\/2021\/01\/DSCN4085-scaled.jpg\" class=\"attachment-full size-full\" alt=\"\" loading=\"lazy\" aria-describedby=\"gallery-1-34\" srcset=\"https:\/\/mccm12.fr\/wp-content\/uploads\/2021\/01\/DSCN4085-scaled.jpg 2560w, https:\/\/mccm12.fr\/wp-content\/uploads\/2021\/01\/DSCN4085-300x225.jpg 300w, https:\/\/mccm12.fr\/wp-content\/uploads\/2021\/01\/DSCN4085-1024x768.jpg 1024w, https:\/\/mccm12.fr\/wp-content\/uploads\/2021\/01\/DSCN4085-768x576.jpg 768w, https:\/\/mccm12.fr\/wp-content\/uploads\/2021\/01\/DSCN4085-1536x1152.jpg 1536w, https:\/\/mccm12.fr\/wp-content\/uploads\/2021\/01\/DSCN4085-2048x1536.jpg 2048w\" sizes=\"(max-width: 2560px) 100vw, 2560px\" \/><\/a>\n\t\t\t<\/div>\n\t\t\t\t<figcaption class='wp-caption-text gallery-caption' id='gallery-1-34'>\n\t\t\t\tNature\n\t\t\t\t<\/figcaption><\/figure><figure class='gallery-item'>\n\t\t\t<div class='gallery-icon landscape'>\n\t\t\t\t<a data-elementor-open-lightbox=\"yes\" data-elementor-lightbox-slideshow=\"1bc7dcdc\" data-elementor-lightbox-title=\"IMG_3420\" href='https:\/\/mccm12.fr\/wp-content\/uploads\/2021\/01\/IMG_3420-scaled.jpg'><img width=\"2560\" height=\"1920\" src=\"https:\/\/mccm12.fr\/wp-content\/uploads\/2021\/01\/IMG_3420-scaled.jpg\" class=\"attachment-full size-full\" alt=\"\" loading=\"lazy\" aria-describedby=\"gallery-1-35\" srcset=\"https:\/\/mccm12.fr\/wp-content\/uploads\/2021\/01\/IMG_3420-scaled.jpg 2560w, https:\/\/mccm12.fr\/wp-content\/uploads\/2021\/01\/IMG_3420-300x225.jpg 300w, https:\/\/mccm12.fr\/wp-content\/uploads\/2021\/01\/IMG_3420-1024x768.jpg 1024w, https:\/\/mccm12.fr\/wp-content\/uploads\/2021\/01\/IMG_3420-768x576.jpg 768w, https:\/\/mccm12.fr\/wp-content\/uploads\/2021\/01\/IMG_3420-1536x1152.jpg 1536w, https:\/\/mccm12.fr\/wp-content\/uploads\/2021\/01\/IMG_3420-2048x1536.jpg 2048w\" sizes=\"(max-width: 2560px) 100vw, 2560px\" \/><\/a>\n\t\t\t<\/div>\n\t\t\t\t<figcaption class='wp-caption-text gallery-caption' id='gallery-1-35'>\n\t\t\t\tMagie des couleurs \n\t\t\t\t<\/figcaption><\/figure>\n\t\t<\/div>\n\t\t<\/div>\n\t\t\t\t<\/div>\n\t\t\t\t<\/div>\n\t\t\t\t\t\t<\/div>\n\t\t\t\t\t<\/div>\n\t\t<\/div>\n\t\t\t\t\t\t\t\t<\/div>\n\t\t\t\t\t<\/div>\n\t\t<\/section>\n\t\t\t\t<section class=\"elementor-section elementor-top-section elementor-element elementor-element-60c857cf elementor-section-height-min-height elementor-section-boxed elementor-section-height-default elementor-section-items-middle\" data-id=\"60c857cf\" data-element_type=\"section\">\n\t\t\t\t\t\t<div class=\"elementor-container elementor-column-gap-default\">\n\t\t\t\t\t\t\t<div class=\"elementor-row\">\n\t\t\t\t\t<div class=\"elementor-column elementor-col-100 elementor-top-column elementor-element elementor-element-104bb9fd\" data-id=\"104bb9fd\" data-element_type=\"column\">\n\t\t\t<div class=\"elementor-column-wrap elementor-element-populated\">\n\t\t\t\t\t\t\t<div class=\"elementor-widget-wrap\">\n\t\t\t\t\t\t<div class=\"elementor-element elementor-element-71944c9 elementor-widget elementor-widget-text-editor\" data-id=\"71944c9\" data-element_type=\"widget\" data-widget_type=\"text-editor.default\">\n\t\t\t\t<div class=\"elementor-widget-container\">\n\t\t\t\t\t<div class=\"elementor-text-editor elementor-clearfix\"><p>Image Sources: <a href=\"https:\/\/foodiesfeed.com\">foodiesfeed<\/a>, <a href=\"http:\/\/www.wocintechchat.com\">WOCinTechChat<\/a>, <a href=\"http:\/\/www.graphberry.com\/item\/3-vintage-vector-logo-insignias\">GraphBerry<\/a><\/p><\/div>\n\t\t\t\t<\/div>\n\t\t\t\t<\/div>\n\t\t\t\t<div class=\"elementor-element elementor-element-c67eb73 elementor-widget elementor-widget-heading\" data-id=\"c67eb73\" data-element_type=\"widget\" data-widget_type=\"heading.default\">\n\t\t\t\t<div class=\"elementor-widget-container\">\n\t\t\t<h2 class=\"elementor-heading-title elementor-size-default\">Mat\u00e9riel accessoires photos - conseils - Occasion <\/h2>\t\t<\/div>\n\t\t\t\t<\/div>\n\t\t\t\t<div class=\"elementor-element elementor-element-6c0fe90 elementor-widget elementor-widget-image\" data-id=\"6c0fe90\" data-element_type=\"widget\" data-widget_type=\"image.default\">\n\t\t\t\t<div class=\"elementor-widget-container\">\n\t\t\t\t\t<div class=\"elementor-image\">\n\t\t\t\t\t\t\t\t\t\t<img width=\"768\" height=\"576\" src=\"https:\/\/mccm12.fr\/wp-content\/uploads\/2021\/01\/IMG_3730-768x576.jpg\" class=\"attachment-medium_large size-medium_large\" alt=\"\" loading=\"lazy\" srcset=\"https:\/\/mccm12.fr\/wp-content\/uploads\/2021\/01\/IMG_3730-768x576.jpg 768w, https:\/\/mccm12.fr\/wp-content\/uploads\/2021\/01\/IMG_3730-300x225.jpg 300w, https:\/\/mccm12.fr\/wp-content\/uploads\/2021\/01\/IMG_3730-1024x768.jpg 1024w, https:\/\/mccm12.fr\/wp-content\/uploads\/2021\/01\/IMG_3730-1536x1152.jpg 1536w, https:\/\/mccm12.fr\/wp-content\/uploads\/2021\/01\/IMG_3730-2048x1536.jpg 2048w\" sizes=\"(max-width: 768px) 100vw, 768px\" \/>\t\t\t\t\t\t\t\t\t\t\t<\/div>\n\t\t\t\t<\/div>\n\t\t\t\t<\/div>\n\t\t\t\t\t\t<\/div>\n\t\t\t\t\t<\/div>\n\t\t<\/div>\n\t\t\t\t\t\t\t\t<\/div>\n\t\t\t\t\t<\/div>\n\t\t<\/section>\n\t\t\t\t<section class=\"elementor-section elementor-top-section elementor-element elementor-element-6546a7dc elementor-section-content-middle elementor-section-boxed elementor-section-height-default elementor-section-height-default\" data-id=\"6546a7dc\" data-element_type=\"section\">\n\t\t\t\t\t\t<div class=\"elementor-container elementor-column-gap-default\">\n\t\t\t\t\t\t\t<div class=\"elementor-row\">\n\t\t\t\t\t<div class=\"elementor-column elementor-col-50 elementor-top-column elementor-element elementor-element-6f823bd9\" data-id=\"6f823bd9\" data-element_type=\"column\">\n\t\t\t<div class=\"elementor-column-wrap elementor-element-populated\">\n\t\t\t\t\t\t\t<div class=\"elementor-widget-wrap\">\n\t\t\t\t\t\t<div class=\"elementor-element elementor-element-73e6ee99 elementor-widget elementor-widget-heading\" data-id=\"73e6ee99\" data-element_type=\"widget\" data-widget_type=\"heading.default\">\n\t\t\t\t<div class=\"elementor-widget-container\">\n\t\t\t<h2 class=\"elementor-heading-title elementor-size-large\">Nous rendre Visite<\/h2>\t\t<\/div>\n\t\t\t\t<\/div>\n\t\t\t\t<div class=\"elementor-element elementor-element-563502bc elementor-widget-divider--view-line elementor-widget elementor-widget-divider\" data-id=\"563502bc\" data-element_type=\"widget\" data-widget_type=\"divider.default\">\n\t\t\t\t<div class=\"elementor-widget-container\">\n\t\t\t\t\t<div class=\"elementor-divider\">\n\t\t\t<span class=\"elementor-divider-separator\">\n\t\t\t\t\t\t<\/span>\n\t\t<\/div>\n\t\t\t\t<\/div>\n\t\t\t\t<\/div>\n\t\t\t\t<div class=\"elementor-element elementor-element-787a0b22 elementor-icon-list--layout-traditional elementor-list-item-link-full_width elementor-widget elementor-widget-icon-list\" data-id=\"787a0b22\" data-element_type=\"widget\" data-widget_type=\"icon-list.default\">\n\t\t\t\t<div class=\"elementor-widget-container\">\n\t\t\t\t\t<ul class=\"elementor-icon-list-items\">\n\t\t\t\t\t\t\t<li class=\"elementor-icon-list-item\">\n\t\t\t\t\t\t\t\t\t\t\t<span class=\"elementor-icon-list-icon\">\n\t\t\t\t\t\t\t<i aria-hidden=\"true\" class=\"fas fa-map-marker-alt\"><\/i>\t\t\t\t\t\t<\/span>\n\t\t\t\t\t\t\t\t\t\t<span class=\"elementor-icon-list-text\">99 Rue Frederic Mistral 12100 Millau<\/span>\n\t\t\t\t\t\t\t\t\t<\/li>\n\t\t\t\t\t\t\t\t<li class=\"elementor-icon-list-item\">\n\t\t\t\t\t\t\t\t\t\t\t<span class=\"elementor-icon-list-icon\">\n\t\t\t\t\t\t\t<i aria-hidden=\"true\" class=\"fas fa-envelope-square\"><\/i>\t\t\t\t\t\t<\/span>\n\t\t\t\t\t\t\t\t\t\t<span class=\"elementor-icon-list-text\">reservation@domain.com<\/span>\n\t\t\t\t\t\t\t\t\t<\/li>\n\t\t\t\t\t\t\t\t<li class=\"elementor-icon-list-item\">\n\t\t\t\t\t\t\t\t\t\t\t<span class=\"elementor-icon-list-icon\">\n\t\t\t\t\t\t\t<i aria-hidden=\"true\" class=\"fas fa-phone\"><\/i>\t\t\t\t\t\t<\/span>\n\t\t\t\t\t\t\t\t\t\t<span class=\"elementor-icon-list-text\">0033678215792<\/span>\n\t\t\t\t\t\t\t\t\t<\/li>\n\t\t\t\t\t\t<\/ul>\n\t\t\t\t<\/div>\n\t\t\t\t<\/div>\n\t\t\t\t\t\t<\/div>\n\t\t\t\t\t<\/div>\n\t\t<\/div>\n\t\t\t\t<div class=\"elementor-column elementor-col-50 elementor-top-column elementor-element elementor-element-3667bd04\" data-id=\"3667bd04\" data-element_type=\"column\">\n\t\t\t<div class=\"elementor-column-wrap elementor-element-populated\">\n\t\t\t\t\t\t\t<div class=\"elementor-widget-wrap\">\n\t\t\t\t\t\t<div class=\"elementor-element elementor-element-76063dfa elementor-widget elementor-widget-google_maps\" data-id=\"76063dfa\" data-element_type=\"widget\" data-widget_type=\"google_maps.default\">\n\t\t\t\t<div class=\"elementor-widget-container\">\n\t\t\t<div class=\"elementor-custom-embed\"><iframe frameborder=\"0\" scrolling=\"no\" marginheight=\"0\" marginwidth=\"0\" src=\"https:\/\/maps.google.com\/maps?q=%2099%20rue%20frederic%20mistral%2012100%20Millau&amp;t=m&amp;z=15&amp;output=embed&amp;iwloc=near\" title=\" 99 rue frederic mistral 12100 Millau\" aria-label=\" 99 rue frederic mistral 12100 Millau\"><\/iframe><\/div>\t\t<\/div>\n\t\t\t\t<\/div>\n\t\t\t\t\t\t<\/div>\n\t\t\t\t\t<\/div>\n\t\t<\/div>\n\t\t\t\t\t\t\t\t<\/div>\n\t\t\t\t\t<\/div>\n\t\t<\/section>\n\t\t\t\t\t\t<\/div>\n\t\t\t\t\t\t<\/div>\n\t\t\t\t\t<\/div>\n\t\t","protected":false},"excerpt":{"rendered":"<p>Bienvenue sur le site de l&rsquo;Association La HOULETTE en savoir + Nos Th\u00e8mes d&rsquo;images Nos r\u00e9alisations&#8230;. Gastronomie Paysages sublimes Maisons Terroir authenticit\u00e9 Macrophoto Nature Magie des couleurs Image Sources: foodiesfeed, WOCinTechChat, GraphBerry Mat\u00e9riel accessoires photos &#8211; conseils &#8211; Occasion Nous rendre Visite 99 Rue Frederic Mistral 12100 Millau reservation@domain.com 0033678215792<\/p>\n","protected":false},"author":1,"featured_media":0,"parent":0,"menu_order":0,"comment_status":"closed","ping_status":"closed","template":"","meta":{"spay_email":""},"_links":{"self":[{"href":"https:\/\/mccm12.fr\/index.php?rest_route=\/wp\/v2\/pages\/12"}],"collection":[{"href":"https:\/\/mccm12.fr\/index.php?rest_route=\/wp\/v2\/pages"}],"about":[{"href":"https:\/\/mccm12.fr\/index.php?rest_route=\/wp\/v2\/types\/page"}],"author":[{"embeddable":true,"href":"https:\/\/mccm12.fr\/index.php?rest_route=\/wp\/v2\/users\/1"}],"replies":[{"embeddable":true,"href":"https:\/\/mccm12.fr\/index.php?rest_route=%2Fwp%2Fv2%2Fcomments&post=12"}],"version-history":[{"count":30,"href":"https:\/\/mccm12.fr\/index.php?rest_route=\/wp\/v2\/pages\/12\/revisions"}],"predecessor-version":[{"id":134,"href":"https:\/\/mccm12.fr\/index.php?rest_route=\/wp\/v2\/pages\/12\/revisions\/134"}],"wp:attachment":[{"href":"https:\/\/mccm12.fr\/index.php?rest_route=%2Fwp%2Fv2%2Fmedia&parent=12"}],"curies":[{"name":"wp","href":"https:\/\/api.w.org\/{rel}","templated":true}]}}